{"id":26208,"date":"2025-05-09T19:12:41","date_gmt":"2025-05-09T19:12:41","guid":{"rendered":"https:\/\/www.synergywd.com\/?page_id=26208"},"modified":"2026-04-21T13:21:11","modified_gmt":"2026-04-21T13:21:11","slug":"materials","status":"publish","type":"page","link":"https:\/\/www.synergywd.com\/fr\/products\/materials\/","title":{"rendered":"Mat\u00e9riaux"},"content":{"rendered":"<div data-elementor-type=\"wp-page\" data-elementor-id=\"26208\" class=\"elementor elementor-26208\" data-elementor-post-type=\"page\">\n\t\t\t\t\t\t<section class=\"elementor-section elementor-top-section elementor-element elementor-element-fc21573 elementor-section-boxed elementor-section-height-default elementor-section-height-default\" data-id=\"fc21573\" data-element_type=\"section\" data-e-type=\"section\">\r\n\t\t\t\t\t\t<div class=\"elementor-container elementor-column-gap-thegem\"><div class=\"elementor-row\">\r\n\t\t\t\t\t<div class=\"elementor-column elementor-col-100 elementor-top-column elementor-element elementor-element-331f072\" data-id=\"331f072\" data-element_type=\"column\" data-e-type=\"column\">\n\t\t\t<div class=\"elementor-widget-wrap elementor-element-populated\">\n\t\t\t\t\t\t<div class=\"elementor-element elementor-element-309cfa9 elementor-widget__width-initial flex-horizontal-align-default flex-horizontal-align-tablet-default flex-horizontal-align-mobile-default flex-vertical-align-default flex-vertical-align-tablet-default flex-vertical-align-mobile-default elementor-invisible elementor-widget elementor-widget-heading\" data-id=\"309cfa9\" data-element_type=\"widget\" data-e-type=\"widget\" data-settings=\"{&quot;_animation&quot;:&quot;fadeIn&quot;}\" data-widget_type=\"heading.default\">\n\t\t\t\t<div class=\"elementor-widget-container\">\n\t\t\t\t\t<h2 class=\"light elementor-heading-title elementor-size-default\">Des mat\u00e9riaux \u00e0 la hauteur de votre projet\n<\/h2>\t\t\t\t<\/div>\n\t\t\t\t<\/div>\n\t\t\t\t<div class=\"elementor-element elementor-element-ddcdecf elementor-widget-divider--view-line flex-horizontal-align-default flex-horizontal-align-tablet-default flex-horizontal-align-mobile-default flex-vertical-align-default flex-vertical-align-tablet-default flex-vertical-align-mobile-default elementor-invisible elementor-widget elementor-widget-divider\" data-id=\"ddcdecf\" data-element_type=\"widget\" data-e-type=\"widget\" data-settings=\"{&quot;_animation&quot;:&quot;fadeIn&quot;}\" data-widget_type=\"divider.default\">\n\t\t\t\t<div class=\"elementor-widget-container\">\n\t\t\t\t\t\t\t<div class=\"elementor-divider\">\n\t\t\t<span class=\"elementor-divider-separator\">\n\t\t\t\t\t\t<\/span>\n\t\t<\/div>\n\t\t\t\t\t\t<\/div>\n\t\t\t\t<\/div>\n\t\t\t\t<div class=\"elementor-element elementor-element-944290a flex-horizontal-align-default flex-horizontal-align-tablet-default flex-horizontal-align-mobile-default flex-vertical-align-default flex-vertical-align-tablet-default flex-vertical-align-mobile-default elementor-invisible elementor-widget elementor-widget-text-editor\" data-id=\"944290a\" data-element_type=\"widget\" data-e-type=\"widget\" data-settings=\"{&quot;_animation&quot;:&quot;fadeIn&quot;}\" data-widget_type=\"text-editor.default\">\n\t\t\t\t<div class=\"elementor-widget-container\">\n\t\t\t\t\t\t\t\t\t\t\t\t<div class=\"elementor-text-editor elementor-clearfix\">\r\n\t\t\t\t\t\t<p>Every project is different\u2014but the need for quality, performance, and beauty never changes. That\u2019s why Synergy Group offers a thoughtfully curated selection of materials, chosen to meet the demands of modern building while supporting timeless design. Whether you&#8217;re seeking warmth, strength, efficiency, or a bit of everything, you&#8217;ll find the right fit here.<\/p>\t\t\t\t\t\t\t<\/div>\r\n\t\t\t\t\t\t\t\t\t\t<\/div>\n\t\t\t\t<\/div>\n\t\t\t\t<section class=\"elementor-section elementor-inner-section elementor-element elementor-element-faa39d6 elementor-section-boxed elementor-section-height-default elementor-section-height-default\" data-id=\"faa39d6\" data-element_type=\"section\" data-e-type=\"section\">\r\n\t\t\t\t\t\t<div class=\"elementor-container elementor-column-gap-thegem\"><div class=\"elementor-row\">\r\n\t\t\t\t\t<div class=\"elementor-column elementor-col-50 elementor-inner-column elementor-element elementor-element-3b9b7a3\" data-id=\"3b9b7a3\" data-element_type=\"column\" data-e-type=\"column\">\n\t\t\t<div class=\"elementor-widget-wrap elementor-element-populated\">\n\t\t\t\t\t\t<div class=\"elementor-element elementor-element-ddd71e3 flex-horizontal-align-default flex-horizontal-align-tablet-default flex-horizontal-align-mobile-default flex-vertical-align-default flex-vertical-align-tablet-default flex-vertical-align-mobile-default elementor-widget elementor-widget-thegem-quickfinders\" data-id=\"ddd71e3\" data-element_type=\"widget\" data-e-type=\"widget\" data-settings=\"{&quot;thegem_elementor_preset&quot;:&quot;grid-basic-centered&quot;}\" data-widget_type=\"thegem-quickfinders.default\">\n\t\t\t\t<div class=\"elementor-widget-container\">\n\t\t\t\t\t\n<div class=\"quickfinder row inline-row quickfinder-style-grid-basic-centered\">\n\t\t\t<div class=\"lazy-loading  quickfinder-item inline-column col-md-12 col-sm-12 col-xs-12\">\n\n\t\t\t\n\t\t\t\t<div class=\"quickfinder-item-inner icon-top icon-horizontal-center centered-box button-bottom lazy-loading-item\" data-ll-effect=\"fading\" data-ll-item-delay=\"200\"> \n\n\t\t\t\t\t\t\t\t\t\t\t<div class=\"quickfinder-icon-container\">\n\n\t<div class=\"connector-container\">\n\t\t<span><\/span>\n\t<\/div>\n\n\t<div class=\"gem-qf-icon-image-wrapper lazy-loading-item\" data-ll-effect=\"clip\">\n\t\t\n\t\t\t<div class=\"gem-icon gem-icon-pack-fontawesome gem-icon-size-medium  gem-icon-shape-circle\">\n\n\t\t\t\t\n\t\t\t\t<div class=\"icon-hover-bg fill-out\"><\/div>\n\n\t\t\t\t<div class=\"gem-icon-inner\">\n\t\t\t\t\t\n\t\t\t\t\t\t\t\t\t\t\t\t<div class=\"padding-box-inner\">\n\t\t\t\t\t\t\t\n\t\t\t\t\t\t\t\t\t\t\t\t\t\t\t<span class=\"gem-icon-half-1\">\n\t\t\t\t\t\t\t\t\t<span class=\"back-angle\">\n\t\t\t\t\t\t\t\t\t\t<svg aria-hidden=\"true\" class=\"e-font-icon-svg e-fas-door-closed\" viewbox=\"0 0 640 512\" xmlns=\"http:\/\/www.w3.org\/2000\/svg\"><path d=\"M624 448H512V50.8C512 22.78 490.47 0 464 0H175.99c-26.47 0-48 22.78-48 50.8V448H16c-8.84 0-16 7.16-16 16v32c0 8.84 7.16 16 16 16h608c8.84 0 16-7.16 16-16v-32c0-8.84-7.16-16-16-16zM415.99 288c-17.67 0-32-14.33-32-32s14.33-32 32-32 32 14.33 32 32c.01 17.67-14.32 32-32 32z\"><\/path><\/svg>\t\t\t\t\t\t\t\t\t<\/span>\n\t\t\t\t\t\t\t\t<\/span>\n\t\t\t\t\t\t\t\t<span class=\"gem-icon-half-2\">\n\t\t\t\t\t\t\t\t\t<span class=\"back-angle\">\n\t\t\t\t\t\t\t\t\t\t<svg aria-hidden=\"true\" class=\"e-font-icon-svg e-fas-door-closed\" viewbox=\"0 0 640 512\" xmlns=\"http:\/\/www.w3.org\/2000\/svg\"><path d=\"M624 448H512V50.8C512 22.78 490.47 0 464 0H175.99c-26.47 0-48 22.78-48 50.8V448H16c-8.84 0-16 7.16-16 16v32c0 8.84 7.16 16 16 16h608c8.84 0 16-7.16 16-16v-32c0-8.84-7.16-16-16-16zM415.99 288c-17.67 0-32-14.33-32-32s14.33-32 32-32 32 14.33 32 32c.01 17.67-14.32 32-32 32z\"><\/path><\/svg>\t\t\t\t\t\t\t\t\t<\/span>\n\t\t\t\t\t\t\t\t<\/span>\n\t\t\t\t\t\t\t\n\t\t\t\t\t\t<\/div>\n\n\t\t\t\t\t\t\n\t\t\t\t\t\t\t\t\t<\/div>\n\t\t\t\t\n\t\t\t<\/div>\n\n\t\t\n\t\t\t<\/div>\n\n\t<div class=\"connector-container\">\n\t\t<span><\/span>\n\t<\/div>\n\n<\/div>\n\n\t\t\t\t\t\n\t\t\t\t\t<div class=\"quickfinder-item-info-wrapper\"> \n\t\t\t\t\t\t<div class=\"quickfinder-item-info lazy-loading-item\" data-ll-effect=\"fading\" data-ll-item-delay=\"200\">\n\t\n\t\t<h3 class=\"quickfinder-title title-h3 bold\">\n\t\t\tAluminium \/ Bois\t\t<\/h3>\n\t\n\t\n\t\t<div class=\"quickfinder-description gem-text-output\">\n\t\t\t<p><strong>The best of both worlds.<\/strong><\/p><p>This hybrid solution offers the natural look of wood on the interior, with the low-maintenance durability of aluminum on the exterior. It\u2019s a smart choice for clients who want beauty and performance, without compromise.<\/p><p><em>Ideal for: Energy-efficient homes, mixed-use buildings, variable climates<\/em><\/p>\t\t<\/div>\n\t\n\t<\/div>\t\t\t\t\t<\/div>\n\n\t\t\t\t\t\t<a href=\"https:\/\/www.synergywd.com\/fr\/products\/materials\/aluminum-wood\/\" class=\"quickfinder-item-link\" aria-label=\"Read more\"><\/a>\n\n\t\t\t\t<\/div>\n\n\t\t\t\t\t<\/div>\n\t<\/div>\n\t\t\t\t<\/div>\n\t\t\t\t<\/div>\n\t\t\t\t\t<\/div>\n\t\t<\/div>\n\t\t\t\t<div class=\"elementor-column elementor-col-50 elementor-inner-column elementor-element elementor-element-49e6b15\" data-id=\"49e6b15\" data-element_type=\"column\" data-e-type=\"column\">\n\t\t\t<div class=\"elementor-widget-wrap elementor-element-populated\">\n\t\t\t\t\t\t<div class=\"elementor-element elementor-element-6c99d7f flex-horizontal-align-default flex-horizontal-align-tablet-default flex-horizontal-align-mobile-default flex-vertical-align-default flex-vertical-align-tablet-default flex-vertical-align-mobile-default elementor-widget elementor-widget-thegem-quickfinders\" data-id=\"6c99d7f\" data-element_type=\"widget\" data-e-type=\"widget\" data-settings=\"{&quot;thegem_elementor_preset&quot;:&quot;grid-basic-centered&quot;}\" data-widget_type=\"thegem-quickfinders.default\">\n\t\t\t\t<div class=\"elementor-widget-container\">\n\t\t\t\t\t\n<div class=\"quickfinder row inline-row quickfinder-style-grid-basic-centered\">\n\t\t\t<div class=\"lazy-loading  quickfinder-item inline-column col-md-12 col-sm-12 col-xs-12\">\n\n\t\t\t\n\t\t\t\t<div class=\"quickfinder-item-inner icon-top icon-horizontal-center centered-box button-bottom lazy-loading-item\" data-ll-effect=\"fading\" data-ll-item-delay=\"200\"> \n\n\t\t\t\t\t\t\t\t\t\t\t<div class=\"quickfinder-icon-container\">\n\n\t<div class=\"connector-container\">\n\t\t<span><\/span>\n\t<\/div>\n\n\t<div class=\"gem-qf-icon-image-wrapper lazy-loading-item\" data-ll-effect=\"clip\">\n\t\t\n\t\t\t<div class=\"gem-icon gem-icon-pack-fontawesome gem-icon-size-medium  gem-icon-shape-circle\">\n\n\t\t\t\t\n\t\t\t\t<div class=\"icon-hover-bg fill-out\"><\/div>\n\n\t\t\t\t<div class=\"gem-icon-inner\">\n\t\t\t\t\t\n\t\t\t\t\t\t\t\t\t\t\t\t<div class=\"padding-box-inner\">\n\t\t\t\t\t\t\t\n\t\t\t\t\t\t\t\t\t\t\t\t\t\t\t<span class=\"gem-icon-half-1\">\n\t\t\t\t\t\t\t\t\t<span class=\"back-angle\">\n\t\t\t\t\t\t\t\t\t\t<i aria-hidden=\"true\" class=\"tgh-icon wrench\"><\/i>\t\t\t\t\t\t\t\t\t<\/span>\n\t\t\t\t\t\t\t\t<\/span>\n\t\t\t\t\t\t\t\t<span class=\"gem-icon-half-2\">\n\t\t\t\t\t\t\t\t\t<span class=\"back-angle\">\n\t\t\t\t\t\t\t\t\t\t<i aria-hidden=\"true\" class=\"tgh-icon wrench\"><\/i>\t\t\t\t\t\t\t\t\t<\/span>\n\t\t\t\t\t\t\t\t<\/span>\n\t\t\t\t\t\t\t\n\t\t\t\t\t\t<\/div>\n\n\t\t\t\t\t\t\n\t\t\t\t\t\t\t\t\t<\/div>\n\t\t\t\t\n\t\t\t<\/div>\n\n\t\t\n\t\t\t<\/div>\n\n\t<div class=\"connector-container\">\n\t\t<span><\/span>\n\t<\/div>\n\n<\/div>\n\n\t\t\t\t\t\n\t\t\t\t\t<div class=\"quickfinder-item-info-wrapper\"> \n\t\t\t\t\t\t<div class=\"quickfinder-item-info lazy-loading-item\" data-ll-effect=\"fading\" data-ll-item-delay=\"200\">\n\t\n\t\t<h3 class=\"quickfinder-title title-h3 bold\">\n\t\t\tAluminum \/ Replica Steel\t\t<\/h3>\n\t\n\t\n\t\t<div class=\"quickfinder-description gem-text-output\">\n\t\t\t<p><strong>Sleek. Strong. Low-maintenance.<\/strong><\/p><p>Aluminum is lightweight, corrosion-resistant, and built for durability. Its clean lines and modern aesthetic make it a top choice for contemporary architecture and high-traffic commercial spaces.<\/p><p><em>Ideal for: Commercial projects, modern residential, large-format glazing<\/em><\/p>\t\t<\/div>\n\t\n\t<\/div>\t\t\t\t\t<\/div>\n\n\t\t\t\t\t\t<a href=\"https:\/\/www.synergywd.com\/fr\/products\/materials\/aluminum-windows-and-doors\/\" class=\"quickfinder-item-link\" aria-label=\"Read more\"><\/a>\n\n\t\t\t\t<\/div>\n\n\t\t\t\t\t<\/div>\n\t<\/div>\n\t\t\t\t<\/div>\n\t\t\t\t<\/div>\n\t\t\t\t\t<\/div>\n\t\t<\/div>\n\t\t\t\t\t<\/div><\/div>\r\n\t\t<\/section>\r\n\t\t\t\t<section class=\"elementor-section elementor-inner-section elementor-element elementor-element-65aa588 elementor-section-boxed elementor-section-height-default elementor-section-height-default\" data-id=\"65aa588\" data-element_type=\"section\" data-e-type=\"section\">\r\n\t\t\t\t\t\t<div class=\"elementor-container elementor-column-gap-thegem\"><div class=\"elementor-row\">\r\n\t\t\t\t\t<div class=\"elementor-column elementor-col-50 elementor-inner-column elementor-element elementor-element-7898e2e\" data-id=\"7898e2e\" data-element_type=\"column\" data-e-type=\"column\">\n\t\t\t<div class=\"elementor-widget-wrap elementor-element-populated\">\n\t\t\t\t\t\t<div class=\"elementor-element elementor-element-3dc7d44 flex-horizontal-align-default flex-horizontal-align-tablet-default flex-horizontal-align-mobile-default flex-vertical-align-default flex-vertical-align-tablet-default flex-vertical-align-mobile-default elementor-widget elementor-widget-thegem-quickfinders\" data-id=\"3dc7d44\" data-element_type=\"widget\" data-e-type=\"widget\" data-settings=\"{&quot;thegem_elementor_preset&quot;:&quot;grid-basic-centered&quot;}\" data-widget_type=\"thegem-quickfinders.default\">\n\t\t\t\t<div class=\"elementor-widget-container\">\n\t\t\t\t\t\n<div class=\"quickfinder row inline-row quickfinder-style-grid-basic-centered\">\n\t\t\t<div class=\"lazy-loading  quickfinder-item inline-column col-md-12 col-sm-12 col-xs-12\">\n\n\t\t\t\n\t\t\t\t<div class=\"quickfinder-item-inner icon-top icon-horizontal-center centered-box button-bottom lazy-loading-item\" data-ll-effect=\"fading\" data-ll-item-delay=\"200\"> \n\n\t\t\t\t\t\t\t\t\t\t\t<div class=\"quickfinder-icon-container\">\n\n\t<div class=\"connector-container\">\n\t\t<span><\/span>\n\t<\/div>\n\n\t<div class=\"gem-qf-icon-image-wrapper lazy-loading-item\" data-ll-effect=\"clip\">\n\t\t\n\t\t\t<div class=\"gem-icon gem-icon-pack-fontawesome gem-icon-size-medium  gem-icon-shape-circle\">\n\n\t\t\t\t\n\t\t\t\t<div class=\"icon-hover-bg fill-out\"><\/div>\n\n\t\t\t\t<div class=\"gem-icon-inner\">\n\t\t\t\t\t\n\t\t\t\t\t\t\t\t\t\t\t\t<div class=\"padding-box-inner\">\n\t\t\t\t\t\t\t\n\t\t\t\t\t\t\t\t\t\t\t\t\t\t\t<span class=\"gem-icon-half-1\">\n\t\t\t\t\t\t\t\t\t<span class=\"back-angle\">\n\t\t\t\t\t\t\t\t\t\t<svg aria-hidden=\"true\" class=\"e-font-icon-svg e-fas-drum-steelpan\" viewbox=\"0 0 576 512\" xmlns=\"http:\/\/www.w3.org\/2000\/svg\"><path d=\"M288 32C128.94 32 0 89.31 0 160v192c0 70.69 128.94 128 288 128s288-57.31 288-128V160c0-70.69-128.94-128-288-128zm-82.99 158.36c-4.45 16.61-14.54 30.57-28.31 40.48C100.23 217.46 48 190.78 48 160c0-30.16 50.11-56.39 124.04-70.03l25.6 44.34c9.86 17.09 12.48 36.99 7.37 56.05zM288 240c-21.08 0-41.41-1-60.89-2.7 8.06-26.13 32.15-45.3 60.89-45.3s52.83 19.17 60.89 45.3C329.41 239 309.08 240 288 240zm64-144c0 35.29-28.71 64-64 64s-64-28.71-64-64V82.96c20.4-1.88 41.8-2.96 64-2.96s43.6 1.08 64 2.96V96zm46.93 134.9c-13.81-9.91-23.94-23.9-28.4-40.54-5.11-19.06-2.49-38.96 7.38-56.04l25.65-44.42C477.72 103.5 528 129.79 528 160c0 30.83-52.4 57.54-129.07 70.9z\"><\/path><\/svg>\t\t\t\t\t\t\t\t\t<\/span>\n\t\t\t\t\t\t\t\t<\/span>\n\t\t\t\t\t\t\t\t<span class=\"gem-icon-half-2\">\n\t\t\t\t\t\t\t\t\t<span class=\"back-angle\">\n\t\t\t\t\t\t\t\t\t\t<svg aria-hidden=\"true\" class=\"e-font-icon-svg e-fas-drum-steelpan\" viewbox=\"0 0 576 512\" xmlns=\"http:\/\/www.w3.org\/2000\/svg\"><path d=\"M288 32C128.94 32 0 89.31 0 160v192c0 70.69 128.94 128 288 128s288-57.31 288-128V160c0-70.69-128.94-128-288-128zm-82.99 158.36c-4.45 16.61-14.54 30.57-28.31 40.48C100.23 217.46 48 190.78 48 160c0-30.16 50.11-56.39 124.04-70.03l25.6 44.34c9.86 17.09 12.48 36.99 7.37 56.05zM288 240c-21.08 0-41.41-1-60.89-2.7 8.06-26.13 32.15-45.3 60.89-45.3s52.83 19.17 60.89 45.3C329.41 239 309.08 240 288 240zm64-144c0 35.29-28.71 64-64 64s-64-28.71-64-64V82.96c20.4-1.88 41.8-2.96 64-2.96s43.6 1.08 64 2.96V96zm46.93 134.9c-13.81-9.91-23.94-23.9-28.4-40.54-5.11-19.06-2.49-38.96 7.38-56.04l25.65-44.42C477.72 103.5 528 129.79 528 160c0 30.83-52.4 57.54-129.07 70.9z\"><\/path><\/svg>\t\t\t\t\t\t\t\t\t<\/span>\n\t\t\t\t\t\t\t\t<\/span>\n\t\t\t\t\t\t\t\n\t\t\t\t\t\t<\/div>\n\n\t\t\t\t\t\t\n\t\t\t\t\t\t\t\t\t<\/div>\n\t\t\t\t\n\t\t\t<\/div>\n\n\t\t\n\t\t\t<\/div>\n\n\t<div class=\"connector-container\">\n\t\t<span><\/span>\n\t<\/div>\n\n<\/div>\n\n\t\t\t\t\t\n\t\t\t\t\t<div class=\"quickfinder-item-info-wrapper\"> \n\t\t\t\t\t\t<div class=\"quickfinder-item-info lazy-loading-item\" data-ll-effect=\"fading\" data-ll-item-delay=\"200\">\n\t\n\t\t<h3 class=\"quickfinder-title title-h3 bold\">\n\t\t\tSTEEL\t\t<\/h3>\n\t\n\t\n\t\t<div class=\"quickfinder-description gem-text-output\">\n\t\t\t<p><strong>Bold. Refined. Incredibly strong.<\/strong><\/p><p>Steel is the go-to for ultra-thin sightlines and maximum strength. It creates a high-end, architectural look with lasting structural integrity\u2014perfect for statement windows, doors, and partitions.<\/p><p><em>Ideal for: Luxury residential, commercial storefronts, industrial-modern designs<\/em><\/p>\t\t<\/div>\n\t\n\t<\/div>\t\t\t\t\t<\/div>\n\n\t\t\t\t\t\t<a href=\"https:\/\/www.synergywd.com\/fr\/products\/materials\/steel-windows-and-doors\/\" class=\"quickfinder-item-link\" aria-label=\"Read more\"><\/a>\n\n\t\t\t\t<\/div>\n\n\t\t\t\t\t<\/div>\n\t<\/div>\n\t\t\t\t<\/div>\n\t\t\t\t<\/div>\n\t\t\t\t\t<\/div>\n\t\t<\/div>\n\t\t\t\t<div class=\"elementor-column elementor-col-50 elementor-inner-column elementor-element elementor-element-932a67a\" data-id=\"932a67a\" data-element_type=\"column\" data-e-type=\"column\">\n\t\t\t<div class=\"elementor-widget-wrap elementor-element-populated\">\n\t\t\t\t\t\t<div class=\"elementor-element elementor-element-e9c0948 flex-horizontal-align-default flex-horizontal-align-tablet-default flex-horizontal-align-mobile-default flex-vertical-align-default flex-vertical-align-tablet-default flex-vertical-align-mobile-default elementor-widget elementor-widget-thegem-quickfinders\" data-id=\"e9c0948\" data-element_type=\"widget\" data-e-type=\"widget\" data-settings=\"{&quot;thegem_elementor_preset&quot;:&quot;grid-basic-centered&quot;}\" data-widget_type=\"thegem-quickfinders.default\">\n\t\t\t\t<div class=\"elementor-widget-container\">\n\t\t\t\t\t\n<div class=\"quickfinder row inline-row quickfinder-style-grid-basic-centered\">\n\t\t\t<div class=\"lazy-loading  quickfinder-item inline-column col-md-12 col-sm-12 col-xs-12\">\n\n\t\t\t\n\t\t\t\t<div class=\"quickfinder-item-inner icon-top icon-horizontal-center centered-box button-bottom lazy-loading-item\" data-ll-effect=\"fading\" data-ll-item-delay=\"200\"> \n\n\t\t\t\t\t\t\t\t\t\t\t<div class=\"quickfinder-icon-container\">\n\n\t<div class=\"connector-container\">\n\t\t<span><\/span>\n\t<\/div>\n\n\t<div class=\"gem-qf-icon-image-wrapper lazy-loading-item\" data-ll-effect=\"clip\">\n\t\t\n\t\t\t<div class=\"gem-icon gem-icon-pack-fontawesome gem-icon-size-medium  gem-icon-shape-circle\">\n\n\t\t\t\t\n\t\t\t\t<div class=\"icon-hover-bg fill-out\"><\/div>\n\n\t\t\t\t<div class=\"gem-icon-inner\">\n\t\t\t\t\t\n\t\t\t\t\t\t\t\t\t\t\t\t<div class=\"padding-box-inner\">\n\t\t\t\t\t\t\t\n\t\t\t\t\t\t\t\t\t\t\t\t\t\t\t<span class=\"gem-icon-half-1\">\n\t\t\t\t\t\t\t\t\t<span class=\"back-angle\">\n\t\t\t\t\t\t\t\t\t\t<i aria-hidden=\"true\" class=\"gem-mdi mdi-pine-tree\"><\/i>\t\t\t\t\t\t\t\t\t<\/span>\n\t\t\t\t\t\t\t\t<\/span>\n\t\t\t\t\t\t\t\t<span class=\"gem-icon-half-2\">\n\t\t\t\t\t\t\t\t\t<span class=\"back-angle\">\n\t\t\t\t\t\t\t\t\t\t<i aria-hidden=\"true\" class=\"gem-mdi mdi-pine-tree\"><\/i>\t\t\t\t\t\t\t\t\t<\/span>\n\t\t\t\t\t\t\t\t<\/span>\n\t\t\t\t\t\t\t\n\t\t\t\t\t\t<\/div>\n\n\t\t\t\t\t\t\n\t\t\t\t\t\t\t\t\t<\/div>\n\t\t\t\t\n\t\t\t<\/div>\n\n\t\t\n\t\t\t<\/div>\n\n\t<div class=\"connector-container\">\n\t\t<span><\/span>\n\t<\/div>\n\n<\/div>\n\n\t\t\t\t\t\n\t\t\t\t\t<div class=\"quickfinder-item-info-wrapper\"> \n\t\t\t\t\t\t<div class=\"quickfinder-item-info lazy-loading-item\" data-ll-effect=\"fading\" data-ll-item-delay=\"200\">\n\t\n\t\t<h3 class=\"quickfinder-title title-h3 bold\">\n\t\t\tBois\t\t<\/h3>\n\t\n\t\n\t\t<div class=\"quickfinder-description gem-text-output\">\n\t\t\t<p><strong>Natural warmth. Timeless character.<\/strong><\/p><p>Wood offers unmatched charm and a sense of tradition. It\u2019s highly customizable and easy to work with, making it a favourite for homeowners and designers alike. With proper care, wood windows and doors provide long-lasting beauty and thermal efficiency.<\/p><p><em>Ideal for: Residential builds, heritage homes, custom designs<\/em><\/p>\t\t<\/div>\n\t\n\t<\/div>\t\t\t\t\t<\/div>\n\n\t\t\t\t\t\t<a href=\"https:\/\/www.synergywd.com\/fr\/products\/materials\/wood-species\/\" class=\"quickfinder-item-link\" aria-label=\"Read more\"><\/a>\n\n\t\t\t\t<\/div>\n\n\t\t\t\t\t<\/div>\n\t<\/div>\n\t\t\t\t<\/div>\n\t\t\t\t<\/div>\n\t\t\t\t\t<\/div>\n\t\t<\/div>\n\t\t\t\t\t<\/div><\/div>\r\n\t\t<\/section>\r\n\t\t\t\t\t<\/div>\n\t\t<\/div>\n\t\t\t\t\t<\/div><\/div>\r\n\t\t<\/section>\r\n\t\t\t\t<section class=\"elementor-section elementor-top-section elementor-element elementor-element-3914995 elementor-section-boxed elementor-section-height-default elementor-section-height-default\" data-id=\"3914995\" data-element_type=\"section\" data-e-type=\"section\" data-settings=\"{&quot;background_background&quot;:&quot;classic&quot;}\">\r\n\t\t\t\t\t\t\t<div class=\"elementor-background-overlay\"><\/div>\r\n\t\t\t\t\t\t\t<div class=\"elementor-container elementor-column-gap-thegem\"><div class=\"elementor-row\">\r\n\t\t\t\t\t<div class=\"elementor-column elementor-col-100 elementor-top-column elementor-element elementor-element-bfbe9e1 elementor-invisible\" data-id=\"bfbe9e1\" data-element_type=\"column\" data-e-type=\"column\" data-settings=\"{&quot;animation&quot;:&quot;fadeIn&quot;}\">\n\t\t\t<div class=\"elementor-widget-wrap elementor-element-populated\">\n\t\t\t\t\t\t<div class=\"elementor-element elementor-element-eae53cd elementor-widget__width-inherit flex-horizontal-align-default flex-horizontal-align-tablet-default flex-horizontal-align-mobile-default flex-vertical-align-default flex-vertical-align-tablet-default flex-vertical-align-mobile-default elementor-invisible elementor-widget elementor-widget-heading\" data-id=\"eae53cd\" data-element_type=\"widget\" data-e-type=\"widget\" data-settings=\"{&quot;_animation&quot;:&quot;fadeIn&quot;}\" data-widget_type=\"heading.default\">\n\t\t\t\t<div class=\"elementor-widget-container\">\n\t\t\t\t\t<h4 class=\"light elementor-heading-title elementor-size-default\">Vous ne savez pas quel mat\u00e9riau convient le mieux \u00e0 votre projet ?<\/h4>\t\t\t\t<\/div>\n\t\t\t\t<\/div>\n\t\t\t\t<div class=\"elementor-element elementor-element-9f63af9 elementor-widget-divider--view-line flex-horizontal-align-default flex-horizontal-align-tablet-default flex-horizontal-align-mobile-default flex-vertical-align-default flex-vertical-align-tablet-default flex-vertical-align-mobile-default elementor-invisible elementor-widget elementor-widget-divider\" data-id=\"9f63af9\" data-element_type=\"widget\" data-e-type=\"widget\" data-settings=\"{&quot;_animation&quot;:&quot;fadeIn&quot;}\" data-widget_type=\"divider.default\">\n\t\t\t\t<div class=\"elementor-widget-container\">\n\t\t\t\t\t\t\t<div class=\"elementor-divider\">\n\t\t\t<span class=\"elementor-divider-separator\">\n\t\t\t\t\t\t<\/span>\n\t\t<\/div>\n\t\t\t\t\t\t<\/div>\n\t\t\t\t<\/div>\n\t\t\t\t<div class=\"elementor-element elementor-element-c31ce96 elementor-widget__width-inherit flex-horizontal-align-default flex-horizontal-align-tablet-default flex-horizontal-align-mobile-default flex-vertical-align-default flex-vertical-align-tablet-default flex-vertical-align-mobile-default elementor-invisible elementor-widget elementor-widget-text-editor\" data-id=\"c31ce96\" data-element_type=\"widget\" data-e-type=\"widget\" data-settings=\"{&quot;_animation&quot;:&quot;fadeIn&quot;}\" data-widget_type=\"text-editor.default\">\n\t\t\t\t<div class=\"elementor-widget-container\">\n\t\t\t\t\t\t\t\t\t\t\t\t<div class=\"elementor-text-editor elementor-clearfix\">\r\n\t\t\t\t\t\tNotre \u00e9quipe est l\u00e0 pour vous guider \u00e0 travers les options et vous aider \u00e0 trouver la solution id\u00e9ale selon vos objectifs, votre budget et votre style.\t\t\t\t\t\t\t<\/div>\r\n\t\t\t\t\t\t\t\t\t\t<\/div>\n\t\t\t\t<\/div>\n\t\t\t\t<div class=\"elementor-element elementor-element-f6f6af5 elementor-align-center flex-horizontal-align-default flex-horizontal-align-tablet-default flex-horizontal-align-mobile-default flex-vertical-align-default flex-vertical-align-tablet-default flex-vertical-align-mobile-default elementor-widget elementor-widget-button\" data-id=\"f6f6af5\" data-element_type=\"widget\" data-e-type=\"widget\" data-widget_type=\"button.default\">\n\t\t\t\t<div class=\"elementor-widget-container\">\n\t\t\t\t\t\t\t\t\t<div class=\"elementor-button-wrapper\">\n\t\t\t\t\t<a class=\"elementor-button elementor-button-link elementor-size-sm\" href=\"https:\/\/www.synergywd.com\/fr\/contact-us\/\">\n\t\t\t\t\t\t<span class=\"elementor-button-content-wrapper\">\n\t\t\t\t\t\t\t\t\t<span class=\"elementor-button-text\">Contactez-nous pour une consultation gratuite<\/span>\n\t\t\t\t\t<\/span>\n\t\t\t\t\t<\/a>\n\t\t\t\t<\/div>\n\t\t\t\t\t\t\t\t<\/div>\n\t\t\t\t<\/div>\n\t\t\t\t\t<\/div>\n\t\t<\/div>\n\t\t\t\t\t<\/div><\/div>\r\n\t\t<\/section>\r\n\t\t\t\t<\/div>","protected":false},"excerpt":{"rendered":"<p>Materials That Meet the Moment Every project is different\u2014but the need for quality, performance, and beauty never changes. That\u2019s why&#8230;<\/p>","protected":false},"author":1,"featured_media":0,"parent":23853,"menu_order":0,"comment_status":"closed","ping_status":"closed","template":"page-fullwidth.php","meta":{"_acf_changed":false,"footnotes":""},"class_list":["post-26208","page","type-page","status-publish"],"acf":[],"_links":{"self":[{"href":"https:\/\/www.synergywd.com\/fr\/wp-json\/wp\/v2\/pages\/26208","targetHints":{"allow":["GET"]}}],"collection":[{"href":"https:\/\/www.synergywd.com\/fr\/wp-json\/wp\/v2\/pages"}],"about":[{"href":"https:\/\/www.synergywd.com\/fr\/wp-json\/wp\/v2\/types\/page"}],"author":[{"embeddable":true,"href":"https:\/\/www.synergywd.com\/fr\/wp-json\/wp\/v2\/users\/1"}],"replies":[{"embeddable":true,"href":"https:\/\/www.synergywd.com\/fr\/wp-json\/wp\/v2\/comments?post=26208"}],"version-history":[{"count":16,"href":"https:\/\/www.synergywd.com\/fr\/wp-json\/wp\/v2\/pages\/26208\/revisions"}],"predecessor-version":[{"id":33529,"href":"https:\/\/www.synergywd.com\/fr\/wp-json\/wp\/v2\/pages\/26208\/revisions\/33529"}],"up":[{"embeddable":true,"href":"https:\/\/www.synergywd.com\/fr\/wp-json\/wp\/v2\/pages\/23853"}],"wp:attachment":[{"href":"https:\/\/www.synergywd.com\/fr\/wp-json\/wp\/v2\/media?parent=26208"}],"curies":[{"name":"wp","href":"https:\/\/api.w.org\/{rel}","templated":true}]}}